{"id":70,"date":"2025-10-31T01:06:26","date_gmt":"2025-10-31T00:06:26","guid":{"rendered":"http:\/\/amicala.cluster121.hosting.ovh.net\/?page_id=70"},"modified":"2025-10-31T01:06:26","modified_gmt":"2025-10-31T00:06:26","slug":"nos-statuts","status":"publish","type":"page","link":"https:\/\/www.amicaledesparents.fr\/index.php\/nos-statuts\/","title":{"rendered":"Nos Statuts"},"content":{"rendered":"\n<div class=\"wp-block-group alignwide has-global-padding is-layout-constrained wp-block-group-is-layout-constrained\">\n<p><strong>Article 1<sup> <\/sup>: <\/strong>Il est fond\u00e9 entre les adh\u00e9rents aux pr\u00e9sents statuts une Association r\u00e9gie par la loi de I juillet 1901 et par le d\u00e9cret du 16 ao\u00fbt 1901, d\u00e9nomm\u00e9e Amicale des Parents d&rsquo;\u00e9l\u00e8ves des Etablissements Scolaires de Saint-G\u00e9ly-du-Fesc.<\/p>\n\n\n\n<p><strong>Article 2 :<\/strong> Cette Association a pour but de regrouper des parents d&rsquo;\u00e9l\u00e8ves des \u00e9coles maternelles et \u00e9l\u00e9mentaires, du coll\u00e8ge et du lyc\u00e9e de secteur de Saint-G\u00e9ly-du-Fesc, afin d&rsquo;\u00e9tudier les probl\u00e8mes relatifs \u00e0 la vie scolaire desdites structures.<\/p>\n\n\n\n<p><strong>Article 3 : <\/strong>Le si\u00e8ge social de l&rsquo;association est situ\u00e9 au : 450 Grand&rsquo;Rue \u00e0 Saint-G\u00e9ly-du-Fesc (34980). Il pourra \u00eatre transf\u00e9r\u00e9 par simple d\u00e9cision du Conseil d&rsquo; Administration.<\/p>\n\n\n\n<p><strong>Article 4 :<\/strong> L&rsquo;Association se compose de membres actifs (adh\u00e9rents) et de membres bienfaiteurs.<\/p>\n\n\n\n<p><strong>Article 5 :<\/strong> Pour faire partie de l&rsquo;Association, il faut \u00eatre \u00e0 jour de son inscription et de son adh\u00e9sion. L&rsquo;adh\u00e9sion est valable pour la dur\u00e9e de l&rsquo;ann\u00e9e scolaire en coulb&rsquo;.<\/p>\n\n\n\n<p><strong>Article 6 :<\/strong> Le montant de la cotisation des membres est fix\u00e9 par Assembl\u00e9e G\u00e9n\u00e9rale.<\/p>\n\n\n\n<p><strong>Article 7 :<\/strong> La qualit\u00e9 de membre actif se perd par : <img loading=\"lazy\" decoding=\"async\" width=\"5\" height=\"2\" src=\"blob:http:\/\/amicala.cluster121.hosting.ovh.net\/b60c2f7d-9824-44ab-9562-ee6543b00cff\">\u00a0d\u00e9mission, \u00a0d\u00e9c\u00e8s, <img loading=\"lazy\" decoding=\"async\" width=\"4\" height=\"2\" src=\"blob:http:\/\/amicala.cluster121.hosting.ovh.net\/a09276de-f5a6-4fe4-b309-487ccbf2c569\">\u00a0radiation prononc\u00e9e par le Conseil d&rsquo; Administration pour non paiement de la cotisation ou pour motif grave (motif statu\u00e9 \u00e0 l&rsquo;unanimit\u00e9 du Bureau).<\/p>\n\n\n\n<p><strong>Article 8 :<\/strong> Les ressources de l&rsquo;Association se composent \u00a0du montant des cotisations des membres actifs, <img loading=\"lazy\" decoding=\"async\" width=\"5\" height=\"2\" src=\"blob:http:\/\/amicala.cluster121.hosting.ovh.net\/5fed0a6e-1a74-4dd6-b73d-687c07061497\">\u00a0des subventions accord\u00e9es par l&rsquo;Etat, les d\u00e9partements, des communes ou toute autre collectivit\u00e9 publique, \u00a0des dons des membres bienfaiteurs, <img loading=\"lazy\" decoding=\"async\" width=\"4\" height=\"2\" src=\"blob:http:\/\/amicala.cluster121.hosting.ovh.net\/7ddd7f25-3234-45f3-a5ef-966dbec70d78\">\u00a0des aides obtenues par un partenariat priv\u00e9.<\/p>\n\n\n\n<p><strong>Article 9 :<\/strong> Conseil d&rsquo; Administration :<\/p>\n\n\n\n<ol style=\"list-style-type:upper-alpha\" class=\"wp-block-list\"><\/ol>\n\n\n\n<p>L&rsquo;Association est dirig\u00e9e par un Conseil d&rsquo; Administration compos\u00e9 de membres \u00e9lus pour une ann\u00e9e par l&rsquo;Assembl\u00e9e G\u00e9n\u00e9rale. Ses membres sont r\u00e9\u00e9ligibles.<\/p>\n\n\n\n<p>Nul ne peut faire partie du Conseil d&rsquo; Administration s&rsquo;il n&rsquo;est pas majeur.<\/p>\n\n\n\n<p>Le Conseil d&rsquo; Administration \u00e9lit \u00e0 main lev\u00e9e un Bureau compos\u00e9 au minimum d&rsquo;un Pr\u00e9sident, un Secr\u00e9taire et un Tr\u00e9sorier.<\/p>\n\n\n\n<p>En cas de vacance, le Conseil d&rsquo; Administration pourvoit provisoirement au remplacement de ses membres, par un membre adh\u00e9rent de l&rsquo;association. Il est proc\u00e9d\u00e9 \u00e0 leur remplacement d\u00e9finitif par la plus proche Assembl\u00e9e G\u00e9n\u00e9rale.<\/p>\n\n\n\n<p>Les pouvoirs des membres ainsi \u00e9lus prennent fin \u00e0 la date o\u00f9 devait normalement expirer le mandat des membres remplac\u00e9s.<\/p>\n\n\n\n<p><strong>Article 10 :<\/strong> Le Conseil d&rsquo;Administration se r\u00e9unit au moins une fois tous les six mois, sur convocation du Pr\u00e9sident, ou \u00e0 la demande du quart de ses membres.<\/p>\n\n\n\n<p>Les d\u00e9cisions sont prises \u00e0 la majorit\u00e9 des voix ; en cas de partage, la voix du Pr\u00e9sident est pr\u00e9pond\u00e9rante.<\/p>\n\n\n\n<p><strong>Article 11 :<\/strong> Assembl\u00e9e G\u00e9n\u00e9rale Ordinaire :<\/p>\n\n\n\n<p>L&rsquo;Assembl\u00e9e G\u00e9n\u00e9rale Ordinaire se compose des membres actifs \u00e0 jour de leur cotisation et des membres bienfaiteurs.<\/p>\n\n\n\n<p>Elle se r\u00e9unit au moins une fois par an. Quinze jours au moins avant la date fix\u00e9e, les membres de l&rsquo;Association re\u00e7oivent une convocation \u00e9crite, par courriel, d&rsquo;un membre du Bureau.<\/p>\n\n\n\n<p>L&rsquo;ordre du jour est indiqu\u00e9 sur les convocations.<\/p>\n\n\n\n<p>Le Tr\u00e9sorier rend compte de sa gestion et soumet le bilan \u00e0 l&rsquo; approbation de l&rsquo;Assembl\u00e9e.<\/p>\n\n\n\n<p>Il est proc\u00e9d\u00e9, apr\u00e8s \u00e9puisement de l&rsquo;ordre du jour, au remplacement \u00e0 main lev\u00e9e des membres du Conseil sortants.<\/p>\n\n\n\n<p>Ne devront \u00eatre trait\u00e9es lors de l&rsquo;Assembl\u00e9e G\u00e9n\u00e9rale que les questions soumises \u00e0 l&rsquo;ordre du jour. Les d\u00e9cisions sont prises par les membres pr\u00e9sents et procurations \u00e9mises, \u00e0 la majorit\u00e9 simple des voix exprim\u00e9es.<\/p>\n\n\n\n<p><strong>Article 12 : <\/strong>Assembl\u00e9e G\u00e9n\u00e9rale Extraordinaire :<\/p>\n\n\n\n<ol style=\"list-style-type:upper-alpha\" class=\"wp-block-list\"><\/ol>\n\n\n\n<p>Si besoin est, ou \u00e0 la demande de la moiti\u00e9 plus un des membres actifs, le Pr\u00e9sident peut convoquer une Assembl\u00e9e G\u00e9n\u00e9rale Extraordinaire, suivant les formalit\u00e9s pr\u00e9vues pour l&rsquo;Assembl\u00e9e G\u00e9n\u00e9rale Ordinaire.<\/p>\n\n\n\n<p><strong>Article 13 :<\/strong> R\u00e8glement Int\u00e9rieur<\/p>\n\n\n\n<ol style=\"list-style-type:upper-alpha\" class=\"wp-block-list\"><\/ol>\n\n\n\n<p>Un r\u00e8glement int\u00e9rieur peut \u00eatre \u00e9tabli par le Conseil d&rsquo; Administration qui le fait alors approuver par l&rsquo;Assembl\u00e9e G\u00e9n\u00e9rale. Ce r\u00e8glement \u00e9ventuel est destin\u00e9 \u00e0 fixer les divers points non pr\u00e9vus par les statuts, notamment ceux qui ont trait \u00e0 l&rsquo;administration interne de l&rsquo;Association.<\/p>\n\n\n\n<p><strong>Article 14 :<\/strong> Dissolution<\/p>\n\n\n\n<ol style=\"list-style-type:upper-alpha\" class=\"wp-block-list\"><\/ol>\n\n\n\n<p>En cas de dissolution prononc\u00e9e par les deux tiers au moins des membres pr\u00e9sents \u00e0 l&rsquo;Assembl\u00e9e G\u00e9n\u00e9rale, un ou plusieurs liquidateurs sont nomm\u00e9s par celle-ci ; l&rsquo; actif, s&rsquo;il y a lieu, est d\u00e9volu selon la d\u00e9cision prise en A.G. ou en C.A., conform\u00e9ment \u00e0 l&rsquo;article 9 de la loi du I <sup>el <\/sup>juillet 1901 et au d\u00e9cret du 16 ao\u00fbt 1901.<\/p>\n\n\n\n<p><strong>Article 15 :<\/strong> l&rsquo;Amicale des Parents d&rsquo; El\u00e8ves des Etablissements Scolaires de Saint-G\u00e9ly-du-Fesc se d\u00e9clare ind\u00e9pendante de toute f\u00e9d\u00e9ration de parents d&rsquo;\u00e9l\u00e8ves. Consid\u00e9rant qu&rsquo;une affiliation modifierait fondamentalement l&rsquo;esprit dans lequel elle a \u00e9t\u00e9 cr\u00e9\u00e9e, il sera requis pour ce faire l&rsquo;unanimit\u00e9 des voix \u00e0 l&rsquo;Assembl\u00e9e G\u00e9n\u00e9rale..<\/p>\n<\/div>\n","protected":false},"excerpt":{"rendered":"<p>Article 1 : Il est fond\u00e9 entre les adh\u00e9rents aux pr\u00e9sents statuts une Association r\u00e9gie par la loi de I juillet 1901 et par le d\u00e9cret du 16 ao\u00fbt 1901, d\u00e9nomm\u00e9e Amicale des Parents d&rsquo;\u00e9l\u00e8ves des Etablissements Scolaires de Saint-G\u00e9ly-du-Fesc. Article 2 : Cette Association a pour but de regrouper des parents d&rsquo;\u00e9l\u00e8ves des \u00e9coles [&hellip;]<\/p>\n","protected":false},"author":1,"featured_media":0,"parent":0,"menu_order":0,"comment_status":"closed","ping_status":"closed","template":"","meta":{"footnotes":""},"class_list":["post-70","page","type-page","status-publish","hentry"],"_links":{"self":[{"href":"https:\/\/www.amicaledesparents.fr\/index.php\/wp-json\/wp\/v2\/pages\/70","targetHints":{"allow":["GET"]}}],"collection":[{"href":"https:\/\/www.amicaledesparents.fr\/index.php\/wp-json\/wp\/v2\/pages"}],"about":[{"href":"https:\/\/www.amicaledesparents.fr\/index.php\/wp-json\/wp\/v2\/types\/page"}],"author":[{"embeddable":true,"href":"https:\/\/www.amicaledesparents.fr\/index.php\/wp-json\/wp\/v2\/users\/1"}],"replies":[{"embeddable":true,"href":"https:\/\/www.amicaledesparents.fr\/index.php\/wp-json\/wp\/v2\/comments?post=70"}],"version-history":[{"count":1,"href":"https:\/\/www.amicaledesparents.fr\/index.php\/wp-json\/wp\/v2\/pages\/70\/revisions"}],"predecessor-version":[{"id":71,"href":"https:\/\/www.amicaledesparents.fr\/index.php\/wp-json\/wp\/v2\/pages\/70\/revisions\/71"}],"wp:attachment":[{"href":"https:\/\/www.amicaledesparents.fr\/index.php\/wp-json\/wp\/v2\/media?parent=70"}],"curies":[{"name":"wp","href":"https:\/\/api.w.org\/{rel}","templated":true}]}}